{"id":119,"date":"2024-06-07T00:02:41","date_gmt":"2024-06-07T00:02:41","guid":{"rendered":"https:\/\/maxsezroofcorp.com\/about-us\/"},"modified":"2024-06-20T02:24:22","modified_gmt":"2024-06-20T02:24:22","slug":"about-us","status":"publish","type":"page","link":"http:\/\/maxsezroofcorp.com\/es\/about-us\/","title":{"rendered":"Acerca de nosotros"},"content":{"rendered":"<div data-elementor-type=\"wp-page\" data-elementor-id=\"119\" class=\"elementor elementor-119\">\n\t\t\t\t<div class=\"elementor-element elementor-element-6293501 e-flex e-con-boxed e-con e-parent\" data-id=\"6293501\" data-element_type=\"container\" data-e-type=\"container\" data-settings=\"{&quot;background_background&quot;:&quot;classic&quot;}\">\n\t\t\t\t\t<div class=\"e-con-inner\">\n\t\t<div class=\"elementor-element elementor-element-60f23af e-con-full e-flex e-con e-child\" data-id=\"60f23af\" data-element_type=\"container\" data-e-type=\"container\">\n\t\t\t\t<div class=\"elementor-element elementor-element-8b67591 elementor-widget elementor-widget-heading\" data-id=\"8b67591\" data-element_type=\"widget\" data-e-type=\"widget\" data-widget_type=\"heading.default\">\n\t\t\t\t<div class=\"elementor-widget-container\">\n\t\t\t\t\t<h1 class=\"elementor-heading-title elementor-size-default\">Acerca de nosotros<\/h1>\t\t\t\t<\/div>\n\t\t\t\t<\/div>\n\t\t\t\t<\/div>\n\t\t\t\t\t<\/div>\n\t\t\t\t<\/div>\n\t\t<div class=\"elementor-element elementor-element-1df73b1 e-flex e-con-boxed e-con e-parent\" data-id=\"1df73b1\" data-element_type=\"container\" data-e-type=\"container\" data-settings=\"{&quot;background_background&quot;:&quot;classic&quot;}\">\n\t\t\t\t\t<div class=\"e-con-inner\">\n\t\t<div class=\"elementor-element elementor-element-c002b61 e-con-full e-flex e-con e-child\" data-id=\"c002b61\" data-element_type=\"container\" data-e-type=\"container\" data-settings=\"{&quot;background_background&quot;:&quot;classic&quot;}\">\n\t\t\t\t<div class=\"elementor-element elementor-element-b97116c elementor-widget elementor-widget-image\" data-id=\"b97116c\" data-element_type=\"widget\" data-e-type=\"widget\" data-widget_type=\"image.default\">\n\t\t\t\t<div class=\"elementor-widget-container\">\n\t\t\t\t\t\t\t\t\t\t\t\t\t\t\t<img fetchpriority=\"high\" decoding=\"async\" width=\"1200\" height=\"1600\" src=\"http:\/\/maxsezroofcorp.com\/wp-content\/uploads\/2024\/06\/foto2.jpeg\" class=\"attachment-full size-full wp-image-1060\" alt=\"\" srcset=\"http:\/\/maxsezroofcorp.com\/wp-content\/uploads\/2024\/06\/foto2.jpeg 1200w, http:\/\/maxsezroofcorp.com\/wp-content\/uploads\/2024\/06\/foto2-225x300.jpeg 225w, http:\/\/maxsezroofcorp.com\/wp-content\/uploads\/2024\/06\/foto2-768x1024.jpeg 768w, http:\/\/maxsezroofcorp.com\/wp-content\/uploads\/2024\/06\/foto2-1152x1536.jpeg 1152w\" sizes=\"(max-width: 1200px) 100vw, 1200px\" \/>\t\t\t\t\t\t\t\t\t\t\t\t\t\t\t<\/div>\n\t\t\t\t<\/div>\n\t\t\t\t<\/div>\n\t\t<div class=\"elementor-element elementor-element-eeb1dd2 e-con-full e-flex e-con e-child\" data-id=\"eeb1dd2\" data-element_type=\"container\" data-e-type=\"container\">\n\t\t\t\t<div class=\"elementor-element elementor-element-e703ad7 elementor-widget elementor-widget-text-editor\" data-id=\"e703ad7\" data-element_type=\"widget\" data-e-type=\"widget\" data-widget_type=\"text-editor.default\">\n\t\t\t\t<div class=\"elementor-widget-container\">\n\t\t\t\t\t\t\t\t\t<p>\u00a0<\/p><p><span style=\"font-weight: 400;\">Max's EZ Roof Corp es una empresa l\u00edder en techado con sede en California, dedicada a ofrecer servicios de alta calidad tanto a clientes residenciales como comerciales. Con m\u00e1s de 10 a\u00f1os de experiencia y una pasi\u00f3n inigualable por la satisfacci\u00f3n del cliente, nuestro equipo de expertos est\u00e1 comprometido en brindarte la mejor soluci\u00f3n para todas tus necesidades de techado.<\/span><\/p>\t\t\t\t\t\t\t\t<\/div>\n\t\t\t\t<\/div>\n\t\t\t\t<div class=\"elementor-element elementor-element-5d36816 elementor-widget elementor-widget-heading\" data-id=\"5d36816\" data-element_type=\"widget\" data-e-type=\"widget\" data-widget_type=\"heading.default\">\n\t\t\t\t<div class=\"elementor-widget-container\">\n\t\t\t\t\t<h2 class=\"elementor-heading-title elementor-size-default\">Nuestra Historia<\/h2>\t\t\t\t<\/div>\n\t\t\t\t<\/div>\n\t\t\t\t<div class=\"elementor-element elementor-element-a66fa42 elementor-widget elementor-widget-text-editor\" data-id=\"a66fa42\" data-element_type=\"widget\" data-e-type=\"widget\" data-widget_type=\"text-editor.default\">\n\t\t\t\t<div class=\"elementor-widget-container\">\n\t\t\t\t\t\t\t\t\t<p><span style=\"font-weight: 400;\">Max's EZ Roof Corp naci\u00f3 del sue\u00f1o de Max, quien, despu\u00e9s de a\u00f1os de experiencia en la industria del techado, decidi\u00f3 crear su propia empresa para ofrecer un servicio excepcional a los clientes. Con motivaci\u00f3n, dedicaci\u00f3n y esfuerzo, Max ha convertido su sue\u00f1o en una realidad, liderando un equipo de profesionales que comparten su pasi\u00f3n por la excelencia.<\/span><\/p>\t\t\t\t\t\t\t\t<\/div>\n\t\t\t\t<\/div>\n\t\t\t\t<\/div>\n\t\t\t\t\t<\/div>\n\t\t\t\t<\/div>\n\t\t<div class=\"elementor-element elementor-element-46488a5 e-flex e-con-boxed e-con e-parent\" data-id=\"46488a5\" data-element_type=\"container\" data-e-type=\"container\">\n\t\t\t\t\t<div class=\"e-con-inner\">\n\t\t\t\t<div class=\"elementor-element elementor-element-ba28e62 elementor-widget elementor-widget-video\" data-id=\"ba28e62\" data-element_type=\"widget\" data-e-type=\"widget\" data-settings=\"{&quot;youtube_url&quot;:&quot;https:\\\/\\\/www.youtube.com\\\/watch?v=XJ7S4Bo_g1Y&quot;,&quot;video_type&quot;:&quot;youtube&quot;,&quot;controls&quot;:&quot;yes&quot;}\" data-widget_type=\"video.default\">\n\t\t\t\t<div class=\"elementor-widget-container\">\n\t\t\t\t\t\t\t<div class=\"elementor-wrapper elementor-open-inline\">\n\t\t\t<div class=\"elementor-video\"><\/div>\t\t<\/div>\n\t\t\t\t\t\t<\/div>\n\t\t\t\t<\/div>\n\t\t\t\t\t<\/div>\n\t\t\t\t<\/div>\n\t\t<div class=\"elementor-element elementor-element-b5760ab e-flex e-con-boxed e-con e-parent\" data-id=\"b5760ab\" data-element_type=\"container\" data-e-type=\"container\" data-settings=\"{&quot;background_background&quot;:&quot;gradient&quot;}\">\n\t\t\t\t\t<div class=\"e-con-inner\">\n\t\t<div class=\"elementor-element elementor-element-f875ebc e-con-full e-flex e-con e-child\" data-id=\"f875ebc\" data-element_type=\"container\" data-e-type=\"container\">\n\t\t\t\t<div class=\"elementor-element elementor-element-edc430f elementor-widget elementor-widget-heading\" data-id=\"edc430f\" data-element_type=\"widget\" data-e-type=\"widget\" data-widget_type=\"heading.default\">\n\t\t\t\t<div class=\"elementor-widget-container\">\n\t\t\t\t\t<h2 class=\"elementor-heading-title elementor-size-default\">Valores Corporativos de Max's EZ Roof Corp: La base de nuestro \u00e9xito<\/h2>\t\t\t\t<\/div>\n\t\t\t\t<\/div>\n\t\t\t\t<div class=\"elementor-element elementor-element-46c68ea elementor-widget elementor-widget-text-editor\" data-id=\"46c68ea\" data-element_type=\"widget\" data-e-type=\"widget\" data-widget_type=\"text-editor.default\">\n\t\t\t\t<div class=\"elementor-widget-container\">\n\t\t\t\t\t\t\t\t\t<p><span style=\"font-weight: 400;\">En Max's EZ Roof Corp, creemos que los valores corporativos son la base del \u00e9xito sostenible. Nuestros valores gu\u00edan nuestras acciones, decisiones y relaciones con nuestros clientes, empleados y la comunidad. Los tres valores fundamentales que nos definen son:<\/span><\/p>\t\t\t\t\t\t\t\t<\/div>\n\t\t\t\t<\/div>\n\t\t\t\t<\/div>\n\t\t\t\t\t<\/div>\n\t\t\t\t<\/div>\n\t\t<div class=\"elementor-element elementor-element-090c4cd e-flex e-con-boxed e-con e-parent\" data-id=\"090c4cd\" data-element_type=\"container\" data-e-type=\"container\" data-settings=\"{&quot;background_background&quot;:&quot;classic&quot;}\">\n\t\t\t\t\t<div class=\"e-con-inner\">\n\t\t<div class=\"elementor-element elementor-element-35cfc79 e-con-full e-flex e-con e-child\" data-id=\"35cfc79\" data-element_type=\"container\" data-e-type=\"container\">\n\t\t<div class=\"elementor-element elementor-element-649a74b e-flex e-con-boxed e-con e-child\" data-id=\"649a74b\" data-element_type=\"container\" data-e-type=\"container\">\n\t\t\t\t\t<div class=\"e-con-inner\">\n\t\t<div class=\"elementor-element elementor-element-22f442e e-con-full e-flex e-con e-child\" data-id=\"22f442e\" data-element_type=\"container\" data-e-type=\"container\">\n\t\t\t\t<div class=\"elementor-element elementor-element-a0263fc elementor-widget elementor-widget-heading\" data-id=\"a0263fc\" data-element_type=\"widget\" data-e-type=\"widget\" data-widget_type=\"heading.default\">\n\t\t\t\t<div class=\"elementor-widget-container\">\n\t\t\t\t\t<h3 class=\"elementor-heading-title elementor-size-default\">Motivaci\u00f3n<\/h3>\t\t\t\t<\/div>\n\t\t\t\t<\/div>\n\t\t\t\t<\/div>\n\t\t<div class=\"elementor-element elementor-element-f8f492f e-con-full e-flex e-con e-child\" data-id=\"f8f492f\" data-element_type=\"container\" data-e-type=\"container\">\n\t\t\t\t<div class=\"elementor-element elementor-element-297a0ce elementor-widget elementor-widget-text-editor\" data-id=\"297a0ce\" data-element_type=\"widget\" data-e-type=\"widget\" data-widget_type=\"text-editor.default\">\n\t\t\t\t<div class=\"elementor-widget-container\">\n\t\t\t\t\t\t\t\t\t<ul><li style=\"font-weight: 400;\" aria-level=\"1\"><span style=\"font-weight: 400;\">Pasi\u00f3n por la excelencia: Nos impulsa una pasi\u00f3n inquebrantable por brindar el mejor servicio posible a nuestros clientes. Estamos constantemente buscando nuevas formas de mejorar nuestras habilidades y conocimientos para ofrecer soluciones de techado de la m\u00e1s alta calidad.<\/span><\/li><li style=\"font-weight: 400;\" aria-level=\"1\"><span style=\"font-weight: 400;\">Entusiasmo por el trabajo: Enfrentamos cada proyecto con entusiasmo y dedicaci\u00f3n, asegurando que cada detalle est\u00e9 cuidado al m\u00e1ximo. Nos motiva la satisfacci\u00f3n de nuestros clientes y la tranquilidad de saber que su hogar o negocio est\u00e1 protegido.<\/span><\/li><\/ul>\t\t\t\t\t\t\t\t<\/div>\n\t\t\t\t<\/div>\n\t\t\t\t<\/div>\n\t\t\t\t\t<\/div>\n\t\t\t\t<\/div>\n\t\t<div class=\"elementor-element elementor-element-bcae62d e-flex e-con-boxed e-con e-child\" data-id=\"bcae62d\" data-element_type=\"container\" data-e-type=\"container\">\n\t\t\t\t\t<div class=\"e-con-inner\">\n\t\t<div class=\"elementor-element elementor-element-851ace2 e-con-full e-flex e-con e-child\" data-id=\"851ace2\" data-element_type=\"container\" data-e-type=\"container\">\n\t\t\t\t<div class=\"elementor-element elementor-element-ad63d72 elementor-widget elementor-widget-heading\" data-id=\"ad63d72\" data-element_type=\"widget\" data-e-type=\"widget\" data-widget_type=\"heading.default\">\n\t\t\t\t<div class=\"elementor-widget-container\">\n\t\t\t\t\t<h3 class=\"elementor-heading-title elementor-size-default\">Dedicaci\u00f3n<\/h3>\t\t\t\t<\/div>\n\t\t\t\t<\/div>\n\t\t\t\t<\/div>\n\t\t<div class=\"elementor-element elementor-element-d2d53df e-con-full e-flex e-con e-child\" data-id=\"d2d53df\" data-element_type=\"container\" data-e-type=\"container\">\n\t\t\t\t<div class=\"elementor-element elementor-element-bdb4298 elementor-widget elementor-widget-text-editor\" data-id=\"bdb4298\" data-element_type=\"widget\" data-e-type=\"widget\" data-widget_type=\"text-editor.default\">\n\t\t\t\t<div class=\"elementor-widget-container\">\n\t\t\t\t\t\t\t\t\t<ul><li style=\"font-weight: 400;\" aria-level=\"1\"><span style=\"font-weight: 400;\">Compromiso con la calidad: No comprometemos la calidad de nuestro trabajo por nada. Utilizamos los mejores materiales y las t\u00e9cnicas m\u00e1s avanzadas para garantizar que nuestros techos sean duraderos, resistentes y est\u00e9ticamente agradables.<\/span><\/li><li style=\"font-weight: 400;\" aria-level=\"1\"><span style=\"font-weight: 400;\">Atenci\u00f3n al detalle: Prestamos atenci\u00f3n a cada detalle, desde la planificaci\u00f3n inicial hasta la limpieza final del sitio. Nos aseguramos de que cada paso del proceso se realice con precisi\u00f3n y cuidado para obtener resultados impecables.<\/span><\/li><\/ul>\t\t\t\t\t\t\t\t<\/div>\n\t\t\t\t<\/div>\n\t\t\t\t<\/div>\n\t\t\t\t\t<\/div>\n\t\t\t\t<\/div>\n\t\t<div class=\"elementor-element elementor-element-966148b e-flex e-con-boxed e-con e-child\" data-id=\"966148b\" data-element_type=\"container\" data-e-type=\"container\">\n\t\t\t\t\t<div class=\"e-con-inner\">\n\t\t<div class=\"elementor-element elementor-element-e449ed3 e-con-full e-flex e-con e-child\" data-id=\"e449ed3\" data-element_type=\"container\" data-e-type=\"container\">\n\t\t\t\t<div class=\"elementor-element elementor-element-701da40 elementor-widget elementor-widget-heading\" data-id=\"701da40\" data-element_type=\"widget\" data-e-type=\"widget\" data-widget_type=\"heading.default\">\n\t\t\t\t<div class=\"elementor-widget-container\">\n\t\t\t\t\t<h3 class=\"elementor-heading-title elementor-size-default\">Esfuerzo<\/h3>\t\t\t\t<\/div>\n\t\t\t\t<\/div>\n\t\t\t\t<\/div>\n\t\t<div class=\"elementor-element elementor-element-0438db2 e-con-full e-flex e-con e-child\" data-id=\"0438db2\" data-element_type=\"container\" data-e-type=\"container\">\n\t\t\t\t<div class=\"elementor-element elementor-element-ff02331 elementor-widget elementor-widget-text-editor\" data-id=\"ff02331\" data-element_type=\"widget\" data-e-type=\"widget\" data-widget_type=\"text-editor.default\">\n\t\t\t\t<div class=\"elementor-widget-container\">\n\t\t\t\t\t\t\t\t\t<ul><li style=\"font-weight: 400;\" aria-level=\"1\"><span style=\"font-weight: 400;\">Somos un equipo trabajador que no escatima esfuerzos para alcanzar nuestros objetivos. Nos dedicamos por completo a cada proyecto, poniendo todo nuestro empe\u00f1o en satisfacer las necesidades de nuestros clientes.<\/span><\/li><li style=\"font-weight: 400;\" aria-level=\"1\"><span style=\"font-weight: 400;\">Afrontamos los desaf\u00edos con determinaci\u00f3n y perseverancia. No nos rendimos f\u00e1cilmente ante los obst\u00e1culos, sino que buscamos soluciones creativas e innovadoras para superarlos.<\/span><\/li><\/ul>\t\t\t\t\t\t\t\t<\/div>\n\t\t\t\t<\/div>\n\t\t\t\t<\/div>\n\t\t\t\t\t<\/div>\n\t\t\t\t<\/div>\n\t\t\t\t<\/div>\n\t\t\t\t\t<\/div>\n\t\t\t\t<\/div>\n\t\t<div class=\"elementor-element elementor-element-860d58f e-flex e-con-boxed e-con e-parent\" data-id=\"860d58f\" data-element_type=\"container\" data-e-type=\"container\" data-settings=\"{&quot;background_background&quot;:&quot;classic&quot;}\">\n\t\t\t\t\t<div class=\"e-con-inner\">\n\t\t<div class=\"elementor-element elementor-element-b50c559 e-con-full e-flex e-con e-child\" data-id=\"b50c559\" data-element_type=\"container\" data-e-type=\"container\">\n\t\t\t\t<div class=\"elementor-element elementor-element-048c5be elementor-widget elementor-widget-text-editor\" data-id=\"048c5be\" data-element_type=\"widget\" data-e-type=\"widget\" data-widget_type=\"text-editor.default\">\n\t\t\t\t<div class=\"elementor-widget-container\">\n\t\t\t\t\t\t\t\t\t<p><strong>Estos valores corporativos no son solo palabras vac\u00edas, son la esencia de lo que somos en Max's EZ Roof Corp. Son los principios que gu\u00edan nuestro trabajo diario y nos permiten ofrecer un servicio excepcional a nuestros clientes.<\/strong><\/p>\t\t\t\t\t\t\t\t<\/div>\n\t\t\t\t<\/div>\n\t\t\t\t<\/div>\n\t\t<div class=\"elementor-element elementor-element-2772222 e-con-full e-flex e-con e-child\" data-id=\"2772222\" data-element_type=\"container\" data-e-type=\"container\">\n\t\t\t\t<div class=\"elementor-element elementor-element-7a4248a elementor-align-center elementor-widget elementor-widget-button\" data-id=\"7a4248a\" data-element_type=\"widget\" data-e-type=\"widget\" data-widget_type=\"button.default\">\n\t\t\t\t<div class=\"elementor-widget-container\">\n\t\t\t\t\t\t\t\t\t<div class=\"elementor-button-wrapper\">\n\t\t\t\t\t<a class=\"elementor-button elementor-button-link elementor-size-sm\" href=\"https:\/\/wa.link\/qetdqq\">\n\t\t\t\t\t\t<span class=\"elementor-button-content-wrapper\">\n\t\t\t\t\t\t\t\t\t<span class=\"elementor-button-text\">Ll\u00e1manos ya!<\/span>\n\t\t\t\t\t<\/span>\n\t\t\t\t\t<\/a>\n\t\t\t\t<\/div>\n\t\t\t\t\t\t\t\t<\/div>\n\t\t\t\t<\/div>\n\t\t\t\t<\/div>\n\t\t\t\t\t<\/div>\n\t\t\t\t<\/div>\n\t\t\t\t<\/div>","protected":false},"excerpt":{"rendered":"<p>About Us \u00a0 Max&#8217;s EZ Roof Corp is a leading roofing company based in California, dedicated to providing high-quality services to both residential and commercial clients. With over 10 years of experience and an unparalleled passion for customer satisfaction, our team of experts is committed to offering you the best solution for all your roofing [&hellip;]<\/p>\n","protected":false},"author":1,"featured_media":0,"parent":0,"menu_order":0,"comment_status":"closed","ping_status":"closed","template":"","meta":{"footnotes":""},"class_list":["post-119","page","type-page","status-publish","hentry"],"_links":{"self":[{"href":"http:\/\/maxsezroofcorp.com\/es\/wp-json\/wp\/v2\/pages\/119","targetHints":{"allow":["GET"]}}],"collection":[{"href":"http:\/\/maxsezroofcorp.com\/es\/wp-json\/wp\/v2\/pages"}],"about":[{"href":"http:\/\/maxsezroofcorp.com\/es\/wp-json\/wp\/v2\/types\/page"}],"author":[{"embeddable":true,"href":"http:\/\/maxsezroofcorp.com\/es\/wp-json\/wp\/v2\/users\/1"}],"replies":[{"embeddable":true,"href":"http:\/\/maxsezroofcorp.com\/es\/wp-json\/wp\/v2\/comments?post=119"}],"version-history":[{"count":12,"href":"http:\/\/maxsezroofcorp.com\/es\/wp-json\/wp\/v2\/pages\/119\/revisions"}],"predecessor-version":[{"id":1141,"href":"http:\/\/maxsezroofcorp.com\/es\/wp-json\/wp\/v2\/pages\/119\/revisions\/1141"}],"wp:attachment":[{"href":"http:\/\/maxsezroofcorp.com\/es\/wp-json\/wp\/v2\/media?parent=119"}],"curies":[{"name":"wp","href":"https:\/\/api.w.org\/{rel}","templated":true}]}}